{"id":794,"date":"2023-11-25T20:48:16","date_gmt":"2023-11-25T19:48:16","guid":{"rendered":"https:\/\/chollopremium.es\/?page_id=794"},"modified":"2023-11-25T20:48:16","modified_gmt":"2023-11-25T19:48:16","slug":"politica-de-reembolso","status":"publish","type":"page","link":"https:\/\/chollopremium.es\/?page_id=794","title":{"rendered":"Pol\u00edtica de Reembolso"},"content":{"rendered":"\n<p>Pol\u00edtica de Reembolso<\/p>\n\n\n\n<p>El periodo m\u00e1ximo para la devoluci\u00f3n de un producto son 30 d\u00edas. Despu\u00e9s de 30 d\u00edas de la compra, lamentablemente no podemos ofrecer reembolsos o cambios.<\/p>\n\n\n\n<p>Para ser elegible para una devoluci\u00f3n, el art\u00edculo debe estar sin usar y en las mismas condiciones que cuando lo recibi\u00f3. Adem\u00e1s, debe estar en el embalaje original.<\/p>\n\n\n\n<p>Algunos tipos de productos est\u00e1n exentos de devoluci\u00f3n. Los art\u00edculos perecederos como comestibles, flores, peri\u00f3dicos y revistas no se pueden devolver. Tampoco aceptamos art\u00edculos \u00edntimos o sanitarios, materiales peligrosos o l\u00edquidos o gases inflamables.<\/p>\n\n\n\n<p>&nbsp;Otros art\u00edculos no retornables:<\/p>\n\n\n\n<p>&nbsp;* tarjetas de regalo<\/p>\n\n\n\n<p>&nbsp;* Productos de software descargables<\/p>\n\n\n\n<p>&nbsp;* Determinados productos de salud y cuidado personal<\/p>\n\n\n\n<p>Se requiere un recibo o comprobante de compra para completar la devoluci\u00f3n. No devuelva los art\u00edculos comprados al fabricante.<\/p>\n\n\n\n<p>&nbsp;En ciertas circunstancias, solo se puede emitir un reembolso parcial: (si corresponde)<\/p>\n\n\n\n<p>&nbsp;* Libro con evidentes signos de uso<\/p>\n\n\n\n<p>&nbsp;*CD abiertos, DVD, cintas VHS, software, software de juegos, casetes, discos, etc. *Productos que no se encuentren en su estado original, da\u00f1ados o faltantes que no sean causados \u200b\u200bpor negligencia de nuestra empresa. *Los art\u00edculos que han pasado 30 d\u00edas o m\u00e1s despu\u00e9s de la entrega pueden ser devueltos. Reembolso (si corresponde)<\/p>\n\n\n\n<p>Despu\u00e9s de que recibamos e inspeccionemos su devoluci\u00f3n, le enviaremos un correo electr\u00f3nico acusando recibo de su mercanc\u00eda devuelta. Tambi\u00e9n le notificaremos la aprobaci\u00f3n o denegaci\u00f3n de su reembolso.&nbsp; Si se aprueba, se procesar\u00e1 su reembolso y se aplicar\u00e1 autom\u00e1ticamente un cr\u00e9dito a su tarjeta de cr\u00e9dito o m\u00e9todo de pago original dentro del n\u00famero de d\u00edas especificado. Reembolsos retrasados \u200b\u200bo faltantes (si corresponde)<\/p>\n\n\n\n<p>Si a\u00fan no ha recibido su reembolso, primero verifique su cuenta bancaria nuevamente. Luego comun\u00edquese con la compa\u00f1\u00eda de su tarjeta de cr\u00e9dito. Puede pasar alg\u00fan tiempo antes de que se notifique oficialmente el reembolso. Entonces p\u00f3ngase en contacto con su banco. A menudo hay un tiempo de procesamiento antes de que se confirme el reembolso.\u00a0 Si complet\u00f3 todos los pasos anteriores y no recibi\u00f3 su reembolso, cont\u00e1ctenos en\u00a0<a href=\"mailto:info@cholloshop.es\">contacto@chollopremium.es<\/a>\u00a0 Art\u00edculo en liquidaci\u00f3n (si corresponde)<\/p>\n\n\n\n<p>Solo se pueden devolver art\u00edculos de precio regular. Lo sentimos, pero los art\u00edculos agotados no se pueden devolver.<\/p>\n\n\n\n<p><strong>Cambio (si corresponde)<\/strong><\/p>\n\n\n\n<p>Intercambiaremos solo si el producto est\u00e1 defectuoso o da\u00f1ado. Si necesita cambiar por el mismo art\u00edculo, env\u00edenos un correo electr\u00f3nico a\u00a0<a href=\"mailto:info@cholloshop.es\">contacto@chollopremium.es<\/a>\u00a0<\/p>\n\n\n\n<p><strong>Regalo<\/strong><\/p>\n\n\n\n<p>Si el art\u00edculo se marc\u00f3 como regalo en el momento de la compra y se le envi\u00f3 directamente, recibir\u00e1 un cr\u00e9dito de regalo por el valor de la devoluci\u00f3n. Una vez que recibamos el art\u00edculo devuelto, le enviaremos el certificado de regalo.<\/p>\n\n\n\n<p>Si el art\u00edculo no se marc\u00f3 como regalo en el momento de la compra, o si el obsequio elige enviar el pedido antes de entreg\u00e1rtelo, le reembolsaremos al obsequio y le notificaremos el aumento.<\/p>\n\n\n\n<p>Usted es responsable de los costos de env\u00edo para devolver el producto. Los gastos de env\u00edo no son reembolsables. Si recibe un reembolso, la tarifa de env\u00edo de devoluci\u00f3n se deducir\u00e1 del monto del reembolso. Dependiendo de d\u00f3nde vivas, el tiempo que tarda en llegar tu cambio puede variar.<\/p>\n\n\n\n<p>Para env\u00edos superiores a 75 \u20ac, recomendamos utilizar un servicio de env\u00edo rastreable o contratar un seguro de env\u00edo. No garantizamos que recibir\u00e1 la mercanc\u00eda devuelta.<\/p>\n","protected":false},"excerpt":{"rendered":"<p>Pol\u00edtica de Reembolso El periodo m\u00e1ximo para la devoluci\u00f3n de un producto son 30 d\u00edas. Despu\u00e9s de 30 d\u00edas de la compra, lamentablemente no podemos ofrecer reembolsos o cambios. Para ser elegible para una devoluci\u00f3n, el art\u00edculo debe estar sin usar y en las mismas condiciones que cuando lo recibi\u00f3. Adem\u00e1s, debe estar en el [&hellip;]<\/p>\n","protected":false},"author":1,"featured_media":0,"parent":0,"menu_order":0,"comment_status":"closed","ping_status":"closed","template":"","meta":{"site-sidebar-layout":"default","site-content-layout":"","ast-site-content-layout":"default","site-content-style":"default","site-sidebar-style":"default","ast-global-header-display":"","ast-banner-title-visibility":"","ast-main-header-display":"","ast-hfb-above-header-display":"","ast-hfb-below-header-display":"","ast-hfb-mobile-header-display":"","site-post-title":"","ast-breadcrumbs-content":"","ast-featured-img":"","footer-sml-layout":"","theme-transparent-header-meta":"","adv-header-id-meta":"","stick-header-meta":"","header-above-stick-meta":"","header-main-stick-meta":"","header-below-stick-meta":"","astra-migrate-meta-layouts":"set","ast-page-background-enabled":"default","ast-page-background-meta":{"desktop":{"background-color":"var(--ast-global-color-4)","background-image":"","background-repeat":"repeat","background-position":"center center","background-size":"auto","background-attachment":"scroll","background-type":"","background-media":"","overlay-type":"","overlay-color":"","overlay-opacity":"","overlay-gradient":""},"tablet":{"background-color":"","background-image":"","background-repeat":"repeat","background-position":"center center","background-size":"auto","background-attachment":"scroll","background-type":"","background-media":"","overlay-type":"","overlay-color":"","overlay-opacity":"","overlay-gradient":""},"mobile":{"background-color":"","background-image":"","background-repeat":"repeat","background-position":"center center","background-size":"auto","background-attachment":"scroll","background-type":"","background-media":"","overlay-type":"","overlay-color":"","overlay-opacity":"","overlay-gradient":""}},"ast-content-background-meta":{"desktop":{"background-color":"var(--ast-global-color-5)","background-image":"","background-repeat":"repeat","background-position":"center center","background-size":"auto","background-attachment":"scroll","background-type":"","background-media":"","overlay-type":"","overlay-color":"","overlay-opacity":"","overlay-gradient":""},"tablet":{"background-color":"var(--ast-global-color-5)","background-image":"","background-repeat":"repeat","background-position":"center center","background-size":"auto","background-attachment":"scroll","background-type":"","background-media":"","overlay-type":"","overlay-color":"","overlay-opacity":"","overlay-gradient":""},"mobile":{"background-color":"var(--ast-global-color-5)","background-image":"","background-repeat":"repeat","background-position":"center center","background-size":"auto","background-attachment":"scroll","background-type":"","background-media":"","overlay-type":"","overlay-color":"","overlay-opacity":"","overlay-gradient":""}},"footnotes":""},"class_list":["post-794","page","type-page","status-publish","hentry"],"yoast_head":"<!-- This site is optimized with the Yoast SEO plugin v23.1 - https:\/\/yoast.com\/wordpress\/plugins\/seo\/ -->\n<title>Pol\u00edtica de Reembolso - chollopremium.es<\/title>\n<meta name=\"robots\" content=\"index, follow, max-snippet:-1, max-image-preview:large, max-video-preview:-1\" \/>\n<link rel=\"canonical\" href=\"https:\/\/chollopremium.es\/?page_id=794\" \/>\n<meta property=\"og:locale\" content=\"en_US\" \/>\n<meta property=\"og:type\" content=\"article\" \/>\n<meta property=\"og:title\" content=\"Pol\u00edtica de Reembolso - chollopremium.es\" \/>\n<meta property=\"og:description\" content=\"Pol\u00edtica de Reembolso El periodo m\u00e1ximo para la devoluci\u00f3n de un producto son 30 d\u00edas. Despu\u00e9s de 30 d\u00edas de la compra, lamentablemente no podemos ofrecer reembolsos o cambios. Para ser elegible para una devoluci\u00f3n, el art\u00edculo debe estar sin usar y en las mismas condiciones que cuando lo recibi\u00f3. Adem\u00e1s, debe estar en el [&hellip;]\" \/>\n<meta property=\"og:url\" content=\"https:\/\/chollopremium.es\/?page_id=794\" \/>\n<meta property=\"og:site_name\" content=\"chollopremium.es\" \/>\n<meta name=\"twitter:card\" content=\"summary_large_image\" \/>\n<meta name=\"twitter:label1\" content=\"Est. reading time\" \/>\n\t<meta name=\"twitter:data1\" content=\"3 minutes\" \/>\n<script type=\"application\/ld+json\" class=\"yoast-schema-graph\">{\"@context\":\"https:\/\/schema.org\",\"@graph\":[{\"@type\":\"WebPage\",\"@id\":\"https:\/\/chollopremium.es\/?page_id=794\",\"url\":\"https:\/\/chollopremium.es\/?page_id=794\",\"name\":\"Pol\u00edtica de Reembolso - chollopremium.es\",\"isPartOf\":{\"@id\":\"https:\/\/chollopremium.es\/#website\"},\"datePublished\":\"2023-11-25T19:48:16+00:00\",\"dateModified\":\"2023-11-25T19:48:16+00:00\",\"breadcrumb\":{\"@id\":\"https:\/\/chollopremium.es\/?page_id=794#breadcrumb\"},\"inLanguage\":\"en-US\",\"potentialAction\":[{\"@type\":\"ReadAction\",\"target\":[\"https:\/\/chollopremium.es\/?page_id=794\"]}]},{\"@type\":\"BreadcrumbList\",\"@id\":\"https:\/\/chollopremium.es\/?page_id=794#breadcrumb\",\"itemListElement\":[{\"@type\":\"ListItem\",\"position\":1,\"name\":\"Home\",\"item\":\"https:\/\/chollopremium.es\/\"},{\"@type\":\"ListItem\",\"position\":2,\"name\":\"Pol\u00edtica de Reembolso\"}]},{\"@type\":\"WebSite\",\"@id\":\"https:\/\/chollopremium.es\/#website\",\"url\":\"https:\/\/chollopremium.es\/\",\"name\":\"chollopremium.es\",\"description\":\"\",\"publisher\":{\"@id\":\"https:\/\/chollopremium.es\/#organization\"},\"potentialAction\":[{\"@type\":\"SearchAction\",\"target\":{\"@type\":\"EntryPoint\",\"urlTemplate\":\"https:\/\/chollopremium.es\/?s={search_term_string}\"},\"query-input\":\"required name=search_term_string\"}],\"inLanguage\":\"en-US\"},{\"@type\":\"Organization\",\"@id\":\"https:\/\/chollopremium.es\/#organization\",\"name\":\"chollopremium.es\",\"url\":\"https:\/\/chollopremium.es\/\",\"logo\":{\"@type\":\"ImageObject\",\"inLanguage\":\"en-US\",\"@id\":\"https:\/\/chollopremium.es\/#\/schema\/logo\/image\/\",\"url\":\"https:\/\/chollopremium.es\/wp-content\/uploads\/2023\/11\/CHILLING.svg\",\"contentUrl\":\"https:\/\/chollopremium.es\/wp-content\/uploads\/2023\/11\/CHILLING.svg\",\"width\":1200,\"height\":750,\"caption\":\"chollopremium.es\"},\"image\":{\"@id\":\"https:\/\/chollopremium.es\/#\/schema\/logo\/image\/\"}}]}<\/script>\n<!-- \/ Yoast SEO plugin. -->","yoast_head_json":{"title":"Pol\u00edtica de Reembolso - chollopremium.es","robots":{"index":"index","follow":"follow","max-snippet":"max-snippet:-1","max-image-preview":"max-image-preview:large","max-video-preview":"max-video-preview:-1"},"canonical":"https:\/\/chollopremium.es\/?page_id=794","og_locale":"en_US","og_type":"article","og_title":"Pol\u00edtica de Reembolso - chollopremium.es","og_description":"Pol\u00edtica de Reembolso El periodo m\u00e1ximo para la devoluci\u00f3n de un producto son 30 d\u00edas. Despu\u00e9s de 30 d\u00edas de la compra, lamentablemente no podemos ofrecer reembolsos o cambios. Para ser elegible para una devoluci\u00f3n, el art\u00edculo debe estar sin usar y en las mismas condiciones que cuando lo recibi\u00f3. Adem\u00e1s, debe estar en el [&hellip;]","og_url":"https:\/\/chollopremium.es\/?page_id=794","og_site_name":"chollopremium.es","twitter_card":"summary_large_image","twitter_misc":{"Est. reading time":"3 minutes"},"schema":{"@context":"https:\/\/schema.org","@graph":[{"@type":"WebPage","@id":"https:\/\/chollopremium.es\/?page_id=794","url":"https:\/\/chollopremium.es\/?page_id=794","name":"Pol\u00edtica de Reembolso - chollopremium.es","isPartOf":{"@id":"https:\/\/chollopremium.es\/#website"},"datePublished":"2023-11-25T19:48:16+00:00","dateModified":"2023-11-25T19:48:16+00:00","breadcrumb":{"@id":"https:\/\/chollopremium.es\/?page_id=794#breadcrumb"},"inLanguage":"en-US","potentialAction":[{"@type":"ReadAction","target":["https:\/\/chollopremium.es\/?page_id=794"]}]},{"@type":"BreadcrumbList","@id":"https:\/\/chollopremium.es\/?page_id=794#breadcrumb","itemListElement":[{"@type":"ListItem","position":1,"name":"Home","item":"https:\/\/chollopremium.es\/"},{"@type":"ListItem","position":2,"name":"Pol\u00edtica de Reembolso"}]},{"@type":"WebSite","@id":"https:\/\/chollopremium.es\/#website","url":"https:\/\/chollopremium.es\/","name":"chollopremium.es","description":"","publisher":{"@id":"https:\/\/chollopremium.es\/#organization"},"potentialAction":[{"@type":"SearchAction","target":{"@type":"EntryPoint","urlTemplate":"https:\/\/chollopremium.es\/?s={search_term_string}"},"query-input":"required name=search_term_string"}],"inLanguage":"en-US"},{"@type":"Organization","@id":"https:\/\/chollopremium.es\/#organization","name":"chollopremium.es","url":"https:\/\/chollopremium.es\/","logo":{"@type":"ImageObject","inLanguage":"en-US","@id":"https:\/\/chollopremium.es\/#\/schema\/logo\/image\/","url":"https:\/\/chollopremium.es\/wp-content\/uploads\/2023\/11\/CHILLING.svg","contentUrl":"https:\/\/chollopremium.es\/wp-content\/uploads\/2023\/11\/CHILLING.svg","width":1200,"height":750,"caption":"chollopremium.es"},"image":{"@id":"https:\/\/chollopremium.es\/#\/schema\/logo\/image\/"}}]}},"_links":{"self":[{"href":"https:\/\/chollopremium.es\/index.php?rest_route=\/wp\/v2\/pages\/794","targetHints":{"allow":["GET"]}}],"collection":[{"href":"https:\/\/chollopremium.es\/index.php?rest_route=\/wp\/v2\/pages"}],"about":[{"href":"https:\/\/chollopremium.es\/index.php?rest_route=\/wp\/v2\/types\/page"}],"author":[{"embeddable":true,"href":"https:\/\/chollopremium.es\/index.php?rest_route=\/wp\/v2\/users\/1"}],"replies":[{"embeddable":true,"href":"https:\/\/chollopremium.es\/index.php?rest_route=%2Fwp%2Fv2%2Fcomments&post=794"}],"version-history":[{"count":1,"href":"https:\/\/chollopremium.es\/index.php?rest_route=\/wp\/v2\/pages\/794\/revisions"}],"predecessor-version":[{"id":795,"href":"https:\/\/chollopremium.es\/index.php?rest_route=\/wp\/v2\/pages\/794\/revisions\/795"}],"wp:attachment":[{"href":"https:\/\/chollopremium.es\/index.php?rest_route=%2Fwp%2Fv2%2Fmedia&parent=794"}],"curies":[{"name":"wp","href":"https:\/\/api.w.org\/{rel}","templated":true}]}}