{"id":796,"date":"2023-11-25T20:52:26","date_gmt":"2023-11-25T19:52:26","guid":{"rendered":"https:\/\/chollopremium.es\/?page_id=796"},"modified":"2023-11-25T20:52:27","modified_gmt":"2023-11-25T19:52:27","slug":"politica-de-envios","status":"publish","type":"page","link":"https:\/\/chollopremium.es\/?page_id=796","title":{"rendered":"Pol\u00edtica de env\u00edos"},"content":{"rendered":"\n<p><strong>\u00bfCu\u00e1ndo ser\u00e1 procesado mi pedido?<\/strong><\/p>\n\n\n\n<p>Todos los pedidos se manejan y se env\u00edan desde nuestro almac\u00e9n en China. Por favor, espere un tiempo adicional para que su pedido sea procesado durante las vacaciones y las temporadas de rebajas. Procesamos pedidos de lunes a viernes. Los pedidos se procesar\u00e1n dentro de 3-5 d\u00edas h\u00e1biles a partir de la fecha del pedido y se enviar\u00e1n al d\u00eda siguiente despu\u00e9s del d\u00eda de procesamiento. Tenga en cuenta que no enviamos los fines de semana.<\/p>\n\n\n\n<p><strong>\u00bfCu\u00e1nto tiempo llevar\u00e1 recibir mi pedido?<\/strong><\/p>\n\n\n\n<p>Una vez que realice su pedido, espere de 3 a 5 d\u00edas h\u00e1biles para procesar sus pedidos. Despu\u00e9s de eso, tomar\u00e1 entre 12 y 20 d\u00edas h\u00e1biles para la entrega en los Estados Unidos, y entre 5 y 10 d\u00edas h\u00e1biles para los pedidos internacionales (seg\u00fan la ubicaci\u00f3n).<\/p>\n\n\n\n<p><strong>\u00bfMe cobrar\u00e1n impuestos y aduanas?<\/strong><\/p>\n\n\n\n<p>Los precios que se muestran en nuestro sitio est\u00e1n libres de impuestos en d\u00f3lares estadounidenses y euros, lo que significa que es posible que deba pagar los aranceles e impuestos una vez que reciba su pedido. Los impuestos de importaci\u00f3n, aranceles y aranceles aduaneros relacionados se pueden cobrar una vez que su pedido llega a su destino final, y lo determina su oficina de aduanas local. El pago de estos cargos e impuestos es su responsabilidad y no ser\u00e1 cubierto por nosotros. No somos responsables de los retrasos causados por el departamento de aduanas de su pa\u00eds. Para obtener m\u00e1s detalles sobre los cargos, comun\u00edquese con su oficina de aduanas local.<\/p>\n","protected":false},"excerpt":{"rendered":"<p>\u00bfCu\u00e1ndo ser\u00e1 procesado mi pedido? Todos los pedidos se manejan y se env\u00edan desde nuestro almac\u00e9n en China. Por favor, espere un tiempo adicional para que su pedido sea procesado durante las vacaciones y las temporadas de rebajas. Procesamos pedidos de lunes a viernes. Los pedidos se procesar\u00e1n dentro de 3-5 d\u00edas h\u00e1biles a partir [&hellip;]<\/p>\n","protected":false},"author":1,"featured_media":0,"parent":0,"menu_order":0,"comment_status":"closed","ping_status":"closed","template":"","meta":{"site-sidebar-layout":"default","site-content-layout":"","ast-site-content-layout":"default","site-content-style":"default","site-sidebar-style":"default","ast-global-header-display":"","ast-banner-title-visibility":"","ast-main-header-display":"","ast-hfb-above-header-display":"","ast-hfb-below-header-display":"","ast-hfb-mobile-header-display":"","site-post-title":"","ast-breadcrumbs-content":"","ast-featured-img":"","footer-sml-layout":"","theme-transparent-header-meta":"","adv-header-id-meta":"","stick-header-meta":"","header-above-stick-meta":"","header-main-stick-meta":"","header-below-stick-meta":"","astra-migrate-meta-layouts":"set","ast-page-background-enabled":"default","ast-page-background-meta":{"desktop":{"background-color":"var(--ast-global-color-4)","background-image":"","background-repeat":"repeat","background-position":"center center","background-size":"auto","background-attachment":"scroll","background-type":"","background-media":"","overlay-type":"","overlay-color":"","overlay-opacity":"","overlay-gradient":""},"tablet":{"background-color":"","background-image":"","background-repeat":"repeat","background-position":"center center","background-size":"auto","background-attachment":"scroll","background-type":"","background-media":"","overlay-type":"","overlay-color":"","overlay-opacity":"","overlay-gradient":""},"mobile":{"background-color":"","background-image":"","background-repeat":"repeat","background-position":"center center","background-size":"auto","background-attachment":"scroll","background-type":"","background-media":"","overlay-type":"","overlay-color":"","overlay-opacity":"","overlay-gradient":""}},"ast-content-background-meta":{"desktop":{"background-color":"var(--ast-global-color-5)","background-image":"","background-repeat":"repeat","background-position":"center center","background-size":"auto","background-attachment":"scroll","background-type":"","background-media":"","overlay-type":"","overlay-color":"","overlay-opacity":"","overlay-gradient":""},"tablet":{"background-color":"var(--ast-global-color-5)","background-image":"","background-repeat":"repeat","background-position":"center center","background-size":"auto","background-attachment":"scroll","background-type":"","background-media":"","overlay-type":"","overlay-color":"","overlay-opacity":"","overlay-gradient":""},"mobile":{"background-color":"var(--ast-global-color-5)","background-image":"","background-repeat":"repeat","background-position":"center center","background-size":"auto","background-attachment":"scroll","background-type":"","background-media":"","overlay-type":"","overlay-color":"","overlay-opacity":"","overlay-gradient":""}},"footnotes":""},"class_list":["post-796","page","type-page","status-publish","hentry"],"yoast_head":"<!-- This site is optimized with the Yoast SEO plugin v23.1 - https:\/\/yoast.com\/wordpress\/plugins\/seo\/ -->\n<title>Pol\u00edtica de env\u00edos - chollopremium.es<\/title>\n<meta name=\"robots\" content=\"index, follow, max-snippet:-1, max-image-preview:large, max-video-preview:-1\" \/>\n<link rel=\"canonical\" href=\"https:\/\/chollopremium.es\/?page_id=796\" \/>\n<meta property=\"og:locale\" content=\"en_US\" \/>\n<meta property=\"og:type\" content=\"article\" \/>\n<meta property=\"og:title\" content=\"Pol\u00edtica de env\u00edos - chollopremium.es\" \/>\n<meta property=\"og:description\" content=\"\u00bfCu\u00e1ndo ser\u00e1 procesado mi pedido? Todos los pedidos se manejan y se env\u00edan desde nuestro almac\u00e9n en China. Por favor, espere un tiempo adicional para que su pedido sea procesado durante las vacaciones y las temporadas de rebajas. Procesamos pedidos de lunes a viernes. Los pedidos se procesar\u00e1n dentro de 3-5 d\u00edas h\u00e1biles a partir [&hellip;]\" \/>\n<meta property=\"og:url\" content=\"https:\/\/chollopremium.es\/?page_id=796\" \/>\n<meta property=\"og:site_name\" content=\"chollopremium.es\" \/>\n<meta property=\"article:modified_time\" content=\"2023-11-25T19:52:27+00:00\" \/>\n<meta name=\"twitter:card\" content=\"summary_large_image\" \/>\n<meta name=\"twitter:label1\" content=\"Est. reading time\" \/>\n\t<meta name=\"twitter:data1\" content=\"1 minute\" \/>\n<script type=\"application\/ld+json\" class=\"yoast-schema-graph\">{\"@context\":\"https:\/\/schema.org\",\"@graph\":[{\"@type\":\"WebPage\",\"@id\":\"https:\/\/chollopremium.es\/?page_id=796\",\"url\":\"https:\/\/chollopremium.es\/?page_id=796\",\"name\":\"Pol\u00edtica de env\u00edos - chollopremium.es\",\"isPartOf\":{\"@id\":\"https:\/\/chollopremium.es\/#website\"},\"datePublished\":\"2023-11-25T19:52:26+00:00\",\"dateModified\":\"2023-11-25T19:52:27+00:00\",\"breadcrumb\":{\"@id\":\"https:\/\/chollopremium.es\/?page_id=796#breadcrumb\"},\"inLanguage\":\"en-US\",\"potentialAction\":[{\"@type\":\"ReadAction\",\"target\":[\"https:\/\/chollopremium.es\/?page_id=796\"]}]},{\"@type\":\"BreadcrumbList\",\"@id\":\"https:\/\/chollopremium.es\/?page_id=796#breadcrumb\",\"itemListElement\":[{\"@type\":\"ListItem\",\"position\":1,\"name\":\"Home\",\"item\":\"https:\/\/chollopremium.es\/\"},{\"@type\":\"ListItem\",\"position\":2,\"name\":\"Pol\u00edtica de env\u00edos\"}]},{\"@type\":\"WebSite\",\"@id\":\"https:\/\/chollopremium.es\/#website\",\"url\":\"https:\/\/chollopremium.es\/\",\"name\":\"chollopremium.es\",\"description\":\"\",\"publisher\":{\"@id\":\"https:\/\/chollopremium.es\/#organization\"},\"potentialAction\":[{\"@type\":\"SearchAction\",\"target\":{\"@type\":\"EntryPoint\",\"urlTemplate\":\"https:\/\/chollopremium.es\/?s={search_term_string}\"},\"query-input\":\"required name=search_term_string\"}],\"inLanguage\":\"en-US\"},{\"@type\":\"Organization\",\"@id\":\"https:\/\/chollopremium.es\/#organization\",\"name\":\"chollopremium.es\",\"url\":\"https:\/\/chollopremium.es\/\",\"logo\":{\"@type\":\"ImageObject\",\"inLanguage\":\"en-US\",\"@id\":\"https:\/\/chollopremium.es\/#\/schema\/logo\/image\/\",\"url\":\"https:\/\/chollopremium.es\/wp-content\/uploads\/2023\/11\/CHILLING.svg\",\"contentUrl\":\"https:\/\/chollopremium.es\/wp-content\/uploads\/2023\/11\/CHILLING.svg\",\"width\":1200,\"height\":750,\"caption\":\"chollopremium.es\"},\"image\":{\"@id\":\"https:\/\/chollopremium.es\/#\/schema\/logo\/image\/\"}}]}<\/script>\n<!-- \/ Yoast SEO plugin. -->","yoast_head_json":{"title":"Pol\u00edtica de env\u00edos - chollopremium.es","robots":{"index":"index","follow":"follow","max-snippet":"max-snippet:-1","max-image-preview":"max-image-preview:large","max-video-preview":"max-video-preview:-1"},"canonical":"https:\/\/chollopremium.es\/?page_id=796","og_locale":"en_US","og_type":"article","og_title":"Pol\u00edtica de env\u00edos - chollopremium.es","og_description":"\u00bfCu\u00e1ndo ser\u00e1 procesado mi pedido? Todos los pedidos se manejan y se env\u00edan desde nuestro almac\u00e9n en China. Por favor, espere un tiempo adicional para que su pedido sea procesado durante las vacaciones y las temporadas de rebajas. Procesamos pedidos de lunes a viernes. Los pedidos se procesar\u00e1n dentro de 3-5 d\u00edas h\u00e1biles a partir [&hellip;]","og_url":"https:\/\/chollopremium.es\/?page_id=796","og_site_name":"chollopremium.es","article_modified_time":"2023-11-25T19:52:27+00:00","twitter_card":"summary_large_image","twitter_misc":{"Est. reading time":"1 minute"},"schema":{"@context":"https:\/\/schema.org","@graph":[{"@type":"WebPage","@id":"https:\/\/chollopremium.es\/?page_id=796","url":"https:\/\/chollopremium.es\/?page_id=796","name":"Pol\u00edtica de env\u00edos - chollopremium.es","isPartOf":{"@id":"https:\/\/chollopremium.es\/#website"},"datePublished":"2023-11-25T19:52:26+00:00","dateModified":"2023-11-25T19:52:27+00:00","breadcrumb":{"@id":"https:\/\/chollopremium.es\/?page_id=796#breadcrumb"},"inLanguage":"en-US","potentialAction":[{"@type":"ReadAction","target":["https:\/\/chollopremium.es\/?page_id=796"]}]},{"@type":"BreadcrumbList","@id":"https:\/\/chollopremium.es\/?page_id=796#breadcrumb","itemListElement":[{"@type":"ListItem","position":1,"name":"Home","item":"https:\/\/chollopremium.es\/"},{"@type":"ListItem","position":2,"name":"Pol\u00edtica de env\u00edos"}]},{"@type":"WebSite","@id":"https:\/\/chollopremium.es\/#website","url":"https:\/\/chollopremium.es\/","name":"chollopremium.es","description":"","publisher":{"@id":"https:\/\/chollopremium.es\/#organization"},"potentialAction":[{"@type":"SearchAction","target":{"@type":"EntryPoint","urlTemplate":"https:\/\/chollopremium.es\/?s={search_term_string}"},"query-input":"required name=search_term_string"}],"inLanguage":"en-US"},{"@type":"Organization","@id":"https:\/\/chollopremium.es\/#organization","name":"chollopremium.es","url":"https:\/\/chollopremium.es\/","logo":{"@type":"ImageObject","inLanguage":"en-US","@id":"https:\/\/chollopremium.es\/#\/schema\/logo\/image\/","url":"https:\/\/chollopremium.es\/wp-content\/uploads\/2023\/11\/CHILLING.svg","contentUrl":"https:\/\/chollopremium.es\/wp-content\/uploads\/2023\/11\/CHILLING.svg","width":1200,"height":750,"caption":"chollopremium.es"},"image":{"@id":"https:\/\/chollopremium.es\/#\/schema\/logo\/image\/"}}]}},"_links":{"self":[{"href":"https:\/\/chollopremium.es\/index.php?rest_route=\/wp\/v2\/pages\/796","targetHints":{"allow":["GET"]}}],"collection":[{"href":"https:\/\/chollopremium.es\/index.php?rest_route=\/wp\/v2\/pages"}],"about":[{"href":"https:\/\/chollopremium.es\/index.php?rest_route=\/wp\/v2\/types\/page"}],"author":[{"embeddable":true,"href":"https:\/\/chollopremium.es\/index.php?rest_route=\/wp\/v2\/users\/1"}],"replies":[{"embeddable":true,"href":"https:\/\/chollopremium.es\/index.php?rest_route=%2Fwp%2Fv2%2Fcomments&post=796"}],"version-history":[{"count":1,"href":"https:\/\/chollopremium.es\/index.php?rest_route=\/wp\/v2\/pages\/796\/revisions"}],"predecessor-version":[{"id":797,"href":"https:\/\/chollopremium.es\/index.php?rest_route=\/wp\/v2\/pages\/796\/revisions\/797"}],"wp:attachment":[{"href":"https:\/\/chollopremium.es\/index.php?rest_route=%2Fwp%2Fv2%2Fmedia&parent=796"}],"curies":[{"name":"wp","href":"https:\/\/api.w.org\/{rel}","templated":true}]}}